{"id":27953,"date":"2026-04-14T22:03:24","date_gmt":"2026-04-14T16:33:24","guid":{"rendered":"https:\/\/bridge-now.de\/de\/?page_id=27953"},"modified":"2026-04-15T22:37:41","modified_gmt":"2026-04-15T17:07:41","slug":"media-press","status":"publish","type":"page","link":"https:\/\/bridge-now.de\/de\/media-press\/","title":{"rendered":"Media\/ Press"},"content":{"rendered":"\t\t<div data-elementor-type=\"wp-page\" data-elementor-id=\"27953\" class=\"elementor elementor-27953\">\n\t\t\t\t<div class=\"elementor-element elementor-element-e54db82 e-flex e-con-boxed e-con e-parent\" data-id=\"e54db82\" data-element_type=\"container\" data-e-type=\"container\">\n\t\t\t\t\t<div class=\"e-con-inner\">\n\t\t\t\t<div class=\"elementor-element elementor-element-a9b17e4 elementor-widget elementor-widget-text-editor\" data-id=\"a9b17e4\" data-element_type=\"widget\" data-e-type=\"widget\" data-widget_type=\"text-editor.default\">\n\t\t\t\t<div class=\"elementor-widget-container\">\n\t\t\t\t\t\t\t\t\t<h2 class=\"western\" lang=\"en-IN\"><span lang=\"de-DE\"><b>Bridge Now im Rampenlicht: Den \u201eFast-Track\u201c-Engpass in Schleswig-Holstein meistern<\/b><\/span><\/h2><p class=\"western\" lang=\"en-IN\"><span lang=\"de-DE\">Wir freuen uns sehr, berichten zu k\u00f6nnen, dass <\/span><span lang=\"de-DE\"><b>Bridge Now<\/b><\/span><span lang=\"de-DE\"> und unsere Gr\u00fcnderin Vineeta Desai k\u00fcrzlich auf <\/span><span lang=\"de-DE\"><b>NDR.de<\/b><\/span><span lang=\"de-DE\"> vorgestellt wurden! Der Beitrag beleuchtet unsere Mission: Die L\u00fccke zwischen internationalen Talenten und dem deutschen Arbeitsmarkt nachhaltig zu schlie\u00dfen.<\/span><\/p><p class=\"western\" lang=\"en-IN\"><span lang=\"de-DE\">W\u00e4hrend die Medienberichterstattung vor allem unser Wachstum hervorhob, gab unsere Gr\u00fcnderin zus\u00e4tzlich tiefe Einblicke in die aktuelle Lage der internationalen Rekrutierung \u2013 Erkenntnisse, die f\u00fcr unsere Partner und Kunden von entscheidender Bedeutung sind.<\/span><\/p><p class=\"western\" lang=\"en-IN\"><span lang=\"de-DE\"><b>Die Realit\u00e4t des \u201eFast-Track\u201c oder beschleunigte Fachkraftverfahrens<\/b><\/span><\/p><p class=\"western\" lang=\"en-IN\"><span lang=\"de-DE\">Die Landesregierung in Schleswig-Holstein zeigt sich bemerkenswert offen, einladend und international orientiert. Doch es gibt ein Paradoxon: Genau die Abteilungen, die f\u00fcr die Bearbeitung des \u201ebeschleunigten Fachkr\u00e4fteverfahrens\u201c zust\u00e4ndig sind, stehen derzeit unter extremer Arbeitsbelastung und leiden selbst unter Personalmangel.<\/span><\/p><p class=\"western\" lang=\"en-IN\"><span lang=\"en-GB\"><b>Die Folge?<\/b><\/span><\/p><ul><li><p class=\"western\" lang=\"en-IN\"><span lang=\"de-DE\"><b>Unvorhersehbare Zeitpl\u00e4ne:<\/b><\/span><span lang=\"de-DE\"> Der \u201eFast-Track\u201c ist in der Praxis oft nicht so schnell wie beabsichtigt.<\/span><\/p><\/li><li><p class=\"western\" lang=\"en-IN\"><span lang=\"de-DE\"><b>Planungsunsicherheit:<\/b><\/span><span lang=\"de-DE\"> Sowohl Arbeitgeber als auch Kandidaten h\u00e4ngen in der Luft. Das macht es schwer, Starttermine festzulegen oder Ressourcen verl\u00e4sslich zu planen.<\/span><\/p><\/li><\/ul><p class=\"western\" lang=\"en-IN\"><span lang=\"de-DE\"><b>Wie Bridge Now diese L\u00fccke schlie\u00dft<\/b><\/span><\/p><p class=\"western\" lang=\"en-IN\"><span lang=\"de-DE\">Wenn offizielle Zeitpl\u00e4ne unvorhersehbar werden, sind Kommunikation und Daten Ihre wichtigsten Verb\u00fcndeten. Genau hier setzt Bridge Now an, um Arbeitgeber zu unterst\u00fctzen:<\/span><\/p><ol><li><p class=\"western\" lang=\"en-IN\"><span lang=\"de-DE\"><b>Fortschritts-Tracking in Echtzeit:<\/b><\/span><span lang=\"de-DE\"> Wir bringen Transparenz in die \u201eBlackbox\u201c der Beh\u00f6rdenprozesse. Arbeitgeber sehen genau, wo ein Kandidat im Verfahren steht, was eine bessere interne Ressourcenplanung erm\u00f6glicht.<\/span><\/p><\/li><li><p class=\"western\" lang=\"en-IN\"><span lang=\"de-DE\"><b>Die menschliche Verbindung halten:<\/b><\/span><span lang=\"de-DE\"> Verz\u00f6gerungen f\u00fchren oft dazu, dass Kandidaten das Interesse verlieren (sog. \u201eGhosting\u201c). Unsere Plattform erm\u00f6glicht es Arbeitgebern, schon fr\u00fchzeitig mit ihren k\u00fcnftigen Teammitgliedern in Kontakt zu bleiben. <\/span><span lang=\"en-GB\">Das schafft ein Zugeh\u00f6rigkeitsgef\u00fchl lange vor dem ersten Arbeitstag.<\/span><\/p><\/li><li><p class=\"western\" lang=\"en-IN\"><span lang=\"de-DE\"><b>Flexibilit\u00e4t und Integration:<\/b><\/span><span lang=\"de-DE\"> Durch den kontinuierlichen Austausch w\u00e4hrend der Wartezeit verl\u00e4uft die sp\u00e4tere Integration in die Unternehmenskultur deutlich reibungsloser und erfolgreicher.<\/span><\/p><\/li><\/ol><p class=\"western\" lang=\"en-IN\"><span lang=\"de-DE\"><b>Ein Wort unserer Gr\u00fcnderin<\/b><\/span><\/p><p class=\"western\" lang=\"en-IN\">\u201e<span lang=\"de-DE\">Die Offenheit der Landesregierung in Schleswig-Holstein ist ein gro\u00dfes Plus, aber die administrative Arbeitsbelastung ist eine Realit\u00e4t, die wir gemeinsam bew\u00e4ltigen m\u00fcssen. Bei Bridge Now warten wir nicht einfach passiv auf den Abschluss des Verfahrens. Wir liefern die Werkzeuge, um die Zeit dazwischen aktiv zu gestalten, damit weder Arbeitgeber noch Arbeitnehmer im Dunkeln gelassen werden.\u201c<\/span><\/p><p lang=\"en-IN\"><img decoding=\"async\" class=\"alignnone wp-image-27967 size-medium\" src=\"https:\/\/bridge-now.de\/de\/wp-content\/uploads\/2026\/04\/Article-01.JPG-300x163.jpeg\" alt=\"\" width=\"300\" height=\"163\" srcset=\"https:\/\/bridge-now.de\/de\/wp-content\/uploads\/2026\/04\/Article-01.JPG-300x163.jpeg 300w, https:\/\/bridge-now.de\/de\/wp-content\/uploads\/2026\/04\/Article-01.JPG-1024x556.jpeg 1024w, https:\/\/bridge-now.de\/de\/wp-content\/uploads\/2026\/04\/Article-01.JPG-768x417.jpeg 768w, https:\/\/bridge-now.de\/de\/wp-content\/uploads\/2026\/04\/Article-01.JPG-1536x833.jpeg 1536w, https:\/\/bridge-now.de\/de\/wp-content\/uploads\/2026\/04\/Article-01.JPG-2048x1111.jpeg 2048w, https:\/\/bridge-now.de\/de\/wp-content\/uploads\/2026\/04\/Article-01.JPG-600x326.jpeg 600w\" sizes=\"(max-width: 300px) 100vw, 300px\" \/><\/p><p class=\"western\" lang=\"en-IN\"><span lang=\"de-DE\"><b>Den vollst\u00e4ndigen Beitrag auf NDR.de finden Sie hier:<\/b><\/span> <span style=\"color: #0563c1;\"><u><a href=\"https:\/\/www.ndr.de\/pflegekraefte-so-will-ein-start-up-die-suche-im-ausland-vereinfachen,pflege-488.html\"><span lang=\"de-DE\">Pflegekr\u00e4fte: So will ein Start-up die Suche im Ausland vereinfachen | ndr.de<\/span><\/a><\/u><\/span><\/p><p class=\"western\" lang=\"en-IN\"><span lang=\"de-DE\">YouTube Video: <\/span><span style=\"color: #0563c1;\"><u><a href=\"https:\/\/youtu.be\/8Cn_9biL2o0?si=D0jVBrZ3QOEsPVab\"><span lang=\"de-DE\">https:\/\/youtu.be\/8Cn_9biL2o0?si=D0jVBrZ3QOEsPVab<\/span><\/a><\/u><\/span><\/p><p class=\"western\" lang=\"en-IN\"><span lang=\"de-DE\"><b>Sind Sie bereit, Ihre internationale Personalbeschaffung zu optimieren?<\/b><\/span> <span style=\"color: #0563c1;\"><u><a href=\"https:\/\/bridge-now.de\/de\/\">Bridge Now<\/a><\/u><\/span><\/p>\t\t\t\t\t\t\t\t<\/div>\n\t\t\t\t<\/div>\n\t\t\t\t<div class=\"elementor-element elementor-element-666fe70 elementor-widget-divider--view-line elementor-widget elementor-widget-divider\" data-id=\"666fe70\" data-element_type=\"widget\" data-e-type=\"widget\" data-widget_type=\"divider.default\">\n\t\t\t\t<div class=\"elementor-widget-container\">\n\t\t\t\t\t\t\t<div class=\"elementor-divider\">\n\t\t\t<span class=\"elementor-divider-separator\">\n\t\t\t\t\t\t<\/span>\n\t\t<\/div>\n\t\t\t\t\t\t<\/div>\n\t\t\t\t<\/div>\n\t\t\t\t\t<\/div>\n\t\t\t\t<\/div>\n\t\t<div class=\"elementor-element elementor-element-b5214d6 e-flex e-con-boxed e-con e-parent\" data-id=\"b5214d6\" data-element_type=\"container\" data-e-type=\"container\">\n\t\t\t\t\t<div class=\"e-con-inner\">\n\t\t\t\t<div class=\"elementor-element elementor-element-51a6b28 elementor-widget elementor-widget-text-editor\" data-id=\"51a6b28\" data-element_type=\"widget\" data-e-type=\"widget\" data-widget_type=\"text-editor.default\">\n\t\t\t\t<div class=\"elementor-widget-container\">\n\t\t\t\t\t\t\t\t\t<h2 class=\"western\" lang=\"en-IN\"><span lang=\"de-DE\"><b>Vom \u201eWundert\u00fcten-Effekt\u201c zur Planungssicherheit: Warum Pflegeeinrichtungen auf Bridge Now vertrauen<\/b><\/span><\/h2><p class=\"western\" lang=\"en-IN\"><span lang=\"de-DE\">Nach unserer j\u00fcngsten Berichterstattung im <\/span><span lang=\"de-DE\"><b>NDR Fernsehen Schleswig-Holstein<\/b><\/span><span lang=\"de-DE\"> wird eines deutlich: Die internationale Rekrutierung von Pflegefachkr\u00e4ften ist kein \u201eNice-to-have\u201c mehr, sondern eine Notwendigkeit. Doch der Erfolg h\u00e4ngt nicht nur vom Finden der Fachkr\u00e4fte ab, sondern von <\/span><span lang=\"de-DE\"><b>Transparenz<\/b><\/span><span lang=\"de-DE\"> und dem <\/span><span lang=\"de-DE\"><b>Perfect Match<\/b><\/span><span lang=\"de-DE\">.<\/span><\/p><p class=\"western\" lang=\"en-IN\"><span lang=\"de-DE\">In dem aktuellen Beitrag kommen erfahrene Arbeitgeber zu Wort, die zeigen, wie Bridge Now den Unterschied in ihrem Rekrutierungsalltag macht.<\/span><\/p><p class=\"western\" lang=\"en-IN\"><span lang=\"de-DE\"><b>Expertise trifft auf neue M\u00e4rkte: Seniorenresidenz R\u00fcpcke<\/b><\/span><\/p><p class=\"western\" lang=\"en-IN\"><span lang=\"de-DE\">Herr R\u00fcpcke ist ein Vorreiter in der internationalen Rekrutierung. Bereits vor 15 Jahren begann er, Fachkr\u00e4fte aus Bosnien-Herzegowina zu gewinnen. Angesichts des zunehmend angespannten europ\u00e4ischen Marktes weitete er seinen Blick schlie\u00dflich auf Indien aus \u2013 eine Entscheidung, die auf einem starken kulturellen Match basiert.<\/span><\/p><p class=\"western\" lang=\"en-IN\"><span lang=\"de-DE\"><b>Die Herausforderung: Die Planbarkeit des Wohnraums<\/b><\/span><span lang=\"de-DE\"> Ein Rekrutierungsprozess kann zwischen 6 und 12 Monaten dauern. F\u00fcr Herrn R\u00fcpcke ist die gr\u00f6\u00dfte H\u00fcrde dabei die Logistik:<\/span><\/p><p class=\"western\" lang=\"en-IN\">\u201e<span lang=\"de-DE\"><i>Man muss genau wissen, wann die Pflegekr\u00e4fte ankommen, bevor man die Wohnung fest plant. Die Transparenz, die Bridge Now in diesen Prozess bringt, hat uns massiv geholfen, unsere Ressourcen sicher zu planen.\u201c<\/i><\/span><\/p><p class=\"western\" lang=\"en-IN\"><span lang=\"de-DE\"><b>Keine \u201eWundert\u00fcte\u201c mehr: Das Beispiel Dat Marschhus<\/b><\/span><\/p><p class=\"western\" lang=\"en-IN\"><span lang=\"de-DE\">F\u00fcr Frau Sch\u00fcler-Nazar und Frau Angela Schr\u00f6der, Miteigent\u00fcmerinnen der Seniorenresidenz <\/span><span lang=\"de-DE\"><b>Dat Marschhus<\/b><\/span><span lang=\"de-DE\"> in Haseldorf, waren die Anforderungen sehr spezifisch. Mit nur 27 Betten in einem beschaulichen Dorf fernab von Metropolen wie Hamburg oder Frankfurt, suchten sie Kandidaten, die sich genau in diesem famili\u00e4ren Umfeld wohlf\u00fchlen.<\/span><\/p><p class=\"western\" lang=\"en-IN\"><span lang=\"de-DE\"><b>Warum Bridge Now f\u00fcr Dat Marschhus der richtige Partner war:<\/b><\/span><\/p><ul><li><p class=\"western\" lang=\"en-IN\"><span lang=\"de-DE\"><b>Das Ende der Anonymit\u00e4t:<\/b><\/span><span lang=\"de-DE\"> Frau Sch\u00fcler-Nazar betonte, dass sie genau wei\u00df, wen sie interviewt hat. Bei Bridge Now gibt es keinen \u201eWundert\u00fcten-Effekt\u201c, bei dem man unsicher ist, wer am Ende tats\u00e4chlich in der Einrichtung ankommt.<\/span><\/p><\/li><li><p class=\"western\" lang=\"en-IN\"><span lang=\"de-DE\"><b>Schnelligkeit statt B\u00fcrokratie:<\/b><\/span><span lang=\"de-DE\"> Der Weg von der Auswahl bis zur Finalisierung der Kandidaten war unb\u00fcrokratisch und schnell organisiert.<\/span><\/p><\/li><li><p class=\"western\" lang=\"en-IN\"><span lang=\"de-DE\"><b>Der Perfect Match:<\/b><\/span><span lang=\"de-DE\"> Bridge Now half dabei, zwei Pflegekr\u00e4fte zu finden, die perfekt zum Standort Haseldorf passen. <\/span><span lang=\"en-GB\">Die Vorfreude auf die baldige Ankunft ist gro\u00df.<\/span><\/p><\/li><\/ul><p class=\"western\" lang=\"en-IN\"><span lang=\"de-DE\"><b>Was Bridge Now f\u00fcr Ihren Erfolg tut:<\/b><\/span><\/p><p class=\"western\" lang=\"en-IN\"><span lang=\"de-DE\">Die Berichte unserer Partner zeigen drei Kernpunkte, die Bridge Now auszeichnen:<\/span><\/p><ol><li><p class=\"western\" lang=\"en-IN\"><span lang=\"de-DE\"><b>Echtzeit-Transparenz:<\/b><\/span><span lang=\"de-DE\"> Wir machen den Prozess f\u00fcr Arbeitgeber vorhersehbar, damit Themen wie Wohnraumplanung und Dienstplangestaltung kein Ratespiel mehr sind.<\/span><\/p><\/li><li><p class=\"western\" lang=\"en-IN\"><span lang=\"de-DE\"><b>Gezieltes Matching:<\/b><\/span><span lang=\"de-DE\"> Wir finden nicht nur \u201eirgendwen\u201c, sondern Talente, die bewusst in Ihre Region und zu Ihrer Einrichtungsgr\u00f6\u00dfe passen.<\/span><\/p><\/li><li><p class=\"western\" lang=\"en-IN\"><span lang=\"de-DE\"><b>B\u00fcrokratie-Entlastung:<\/b><\/span><span lang=\"de-DE\"> Wir strukturieren die Schritte so effizient, dass der administrative Aufwand f\u00fcr Sie minimal bleibt.<\/span><\/p><\/li><\/ol><p><img fetchpriority=\"high\" decoding=\"async\" class=\"size-medium wp-image-27973 alignleft\" src=\"https:\/\/bridge-now.de\/de\/wp-content\/uploads\/2026\/04\/Article-02_01.JPG-300x169.jpeg\" alt=\"\" width=\"300\" height=\"169\" srcset=\"https:\/\/bridge-now.de\/de\/wp-content\/uploads\/2026\/04\/Article-02_01.JPG-300x169.jpeg 300w, https:\/\/bridge-now.de\/de\/wp-content\/uploads\/2026\/04\/Article-02_01.JPG-1024x576.jpeg 1024w, https:\/\/bridge-now.de\/de\/wp-content\/uploads\/2026\/04\/Article-02_01.JPG-768x432.jpeg 768w, https:\/\/bridge-now.de\/de\/wp-content\/uploads\/2026\/04\/Article-02_01.JPG-1536x864.jpeg 1536w, https:\/\/bridge-now.de\/de\/wp-content\/uploads\/2026\/04\/Article-02_01.JPG-600x338.jpeg 600w, https:\/\/bridge-now.de\/de\/wp-content\/uploads\/2026\/04\/Article-02_01.JPG.jpeg 1866w\" sizes=\"(max-width: 300px) 100vw, 300px\" \/><\/p><p><img decoding=\"async\" class=\"alignnone size-medium wp-image-27972\" src=\"https:\/\/bridge-now.de\/de\/wp-content\/uploads\/2026\/04\/Article-02_02.JPG-300x163.jpeg\" alt=\"\" width=\"300\" height=\"163\" srcset=\"https:\/\/bridge-now.de\/de\/wp-content\/uploads\/2026\/04\/Article-02_02.JPG-300x163.jpeg 300w, https:\/\/bridge-now.de\/de\/wp-content\/uploads\/2026\/04\/Article-02_02.JPG-1024x558.jpeg 1024w, https:\/\/bridge-now.de\/de\/wp-content\/uploads\/2026\/04\/Article-02_02.JPG-768x418.jpeg 768w, https:\/\/bridge-now.de\/de\/wp-content\/uploads\/2026\/04\/Article-02_02.JPG-1536x837.jpeg 1536w, https:\/\/bridge-now.de\/de\/wp-content\/uploads\/2026\/04\/Article-02_02.JPG-2048x1116.jpeg 2048w, https:\/\/bridge-now.de\/de\/wp-content\/uploads\/2026\/04\/Article-02_02.JPG-600x327.jpeg 600w\" sizes=\"(max-width: 300px) 100vw, 300px\" \/><\/p><p class=\"western\" lang=\"en-IN\"><span lang=\"de-DE\"><b>Den gesamten NDR-Beitrag k\u00f6nnen Sie hier ansehen (Minute 02:15\u201308:15): <\/b><\/span><span style=\"color: #0563c1;\"><u><a href=\"https:\/\/www.ndr.de\/fernsehen\/sendungen\/schleswig-holstein_1800\/Schleswig-Holstein-1800,shmag-7268.html\"><span lang=\"de-DE\"><b>Schleswig-Holstein 18:00 | 20.02.2026 | ndr.de<\/b><\/span><\/a><\/u><\/span><\/p><p class=\"western\" lang=\"en-IN\"><span lang=\"de-DE\"><b>M\u00f6chten auch Sie Ihre Personalplanung auf ein sicheres Fundament stellen?<\/b><\/span><span lang=\"de-DE\"> Jetzt Beratungsgespr\u00e4ch buchen<\/span><span lang=\"en-GB\">: <\/span><span style=\"color: #0563c1;\"><u><a href=\"mailto:contact@bridge-now.de\"><span lang=\"en-GB\">contact@bridge-now.de<\/span><\/a><\/u><\/span><\/p>\t\t\t\t\t\t\t\t<\/div>\n\t\t\t\t<\/div>\n\t\t\t\t\t<\/div>\n\t\t\t\t<\/div>\n\t\t\t\t<\/div>\n\t\t","protected":false},"excerpt":{"rendered":"<p>Bridge Now im Rampenlicht: Den \u201eFast-Track\u201c-Engpass in Schleswig-Holstein meistern Wir freuen uns sehr, berichten zu k\u00f6nnen, dass Bridge Now und unsere Gr\u00fcnderin Vineeta Desai k\u00fcrzlich auf NDR.de vorgestellt wurden! Der [&hellip;]<\/p>\n","protected":false},"author":6,"featured_media":0,"parent":0,"menu_order":0,"comment_status":"closed","ping_status":"closed","template":"","meta":{"site-sidebar-layout":"no-sidebar","site-content-layout":"page-builder","ast-site-content-layout":"full-width-container","site-content-style":"default","site-sidebar-style":"default","ast-global-header-display":"","ast-banner-title-visibility":"","ast-main-header-display":"","ast-hfb-above-header-display":"","ast-hfb-below-header-display":"","ast-hfb-mobile-header-display":"","site-post-title":"","ast-breadcrumbs-content":"","ast-featured-img":"disabled","footer-sml-layout":"","ast-disable-related-posts":"","theme-transparent-header-meta":"","adv-header-id-meta":"","stick-header-meta":"","header-above-stick-meta":"","header-main-stick-meta":"","header-below-stick-meta":"","astra-migrate-meta-layouts":"set","ast-page-background-enabled":"default","ast-page-background-meta":{"desktop":{"background-color":"","background-image":"","background-repeat":"repeat","background-position":"center center","background-size":"auto","background-attachment":"scroll","background-type":"","background-media":"","overlay-type":"","overlay-color":"","overlay-opacity":"","overlay-gradient":""},"tablet":{"background-color":"","background-image":"","background-repeat":"repeat","background-position":"center center","background-size":"auto","background-attachment":"scroll","background-type":"","background-media":"","overlay-type":"","overlay-color":"","overlay-opacity":"","overlay-gradient":""},"mobile":{"background-color":"","background-image":"","background-repeat":"repeat","background-position":"center center","background-size":"auto","background-attachment":"scroll","background-type":"","background-media":"","overlay-type":"","overlay-color":"","overlay-opacity":"","overlay-gradient":""}},"ast-content-background-meta":{"desktop":{"background-color":"var(--ast-global-color-5)","background-image":"","background-repeat":"repeat","background-position":"center center","background-size":"auto","background-attachment":"scroll","background-type":"","background-media":"","overlay-type":"","overlay-color":"","overlay-opacity":"","overlay-gradient":""},"tablet":{"background-color":"var(--ast-global-color-5)","background-image":"","background-repeat":"repeat","background-position":"center center","background-size":"auto","background-attachment":"scroll","background-type":"","background-media":"","overlay-type":"","overlay-color":"","overlay-opacity":"","overlay-gradient":""},"mobile":{"background-color":"var(--ast-global-color-5)","background-image":"","background-repeat":"repeat","background-position":"center center","background-size":"auto","background-attachment":"scroll","background-type":"","background-media":"","overlay-type":"","overlay-color":"","overlay-opacity":"","overlay-gradient":""}},"footnotes":""},"class_list":["post-27953","page","type-page","status-publish","hentry"],"_hostinger_reach_plugin_has_subscription_block":false,"_hostinger_reach_plugin_is_elementor":false,"rttpg_featured_image_url":null,"rttpg_author":{"display_name":"contact@bridge-now.de","author_link":"https:\/\/bridge-now.de\/de\/author\/contactbridge-now-de\/"},"rttpg_comment":0,"rttpg_category":null,"rttpg_excerpt":"Bridge Now im Rampenlicht: Den \u201eFast-Track\u201c-Engpass in Schleswig-Holstein meistern Wir freuen uns sehr, berichten zu k\u00f6nnen, dass Bridge Now und unsere Gr\u00fcnderin Vineeta Desai k\u00fcrzlich auf NDR.de vorgestellt wurden! Der [&hellip;]","_links":{"self":[{"href":"https:\/\/bridge-now.de\/de\/wp-json\/wp\/v2\/pages\/27953","targetHints":{"allow":["GET"]}}],"collection":[{"href":"https:\/\/bridge-now.de\/de\/wp-json\/wp\/v2\/pages"}],"about":[{"href":"https:\/\/bridge-now.de\/de\/wp-json\/wp\/v2\/types\/page"}],"author":[{"embeddable":true,"href":"https:\/\/bridge-now.de\/de\/wp-json\/wp\/v2\/users\/6"}],"replies":[{"embeddable":true,"href":"https:\/\/bridge-now.de\/de\/wp-json\/wp\/v2\/comments?post=27953"}],"version-history":[{"count":13,"href":"https:\/\/bridge-now.de\/de\/wp-json\/wp\/v2\/pages\/27953\/revisions"}],"predecessor-version":[{"id":27976,"href":"https:\/\/bridge-now.de\/de\/wp-json\/wp\/v2\/pages\/27953\/revisions\/27976"}],"wp:attachment":[{"href":"https:\/\/bridge-now.de\/de\/wp-json\/wp\/v2\/media?parent=27953"}],"curies":[{"name":"wp","href":"https:\/\/api.w.org\/{rel}","templated":true}]}}